{"id":8317,"date":"2022-12-05T08:35:46","date_gmt":"2022-12-05T08:35:46","guid":{"rendered":"https:\/\/mimmic.net\/farrasautentic\/who-we-are\/"},"modified":"2023-02-12T18:00:16","modified_gmt":"2023-02-12T18:00:16","slug":"quienes-somos","status":"publish","type":"page","link":"https:\/\/farrasautentic.com\/es\/quienes-somos\/","title":{"rendered":"\u00bfQuienes Somos?"},"content":{"rendered":"\t\t<div data-elementor-type=\"wp-page\" data-elementor-id=\"8317\" class=\"elementor elementor-8317 elementor-6332\">\n\t\t\t\t\t\t<section class=\"elementor-section elementor-top-section elementor-element elementor-element-a0684ff elementor-section-full_width elementor-section-height-default elementor-section-height-default qodef-elementor-content-no\" data-id=\"a0684ff\" data-element_type=\"section\">\n\t\t\t\t\t\t<div class=\"elementor-container elementor-column-gap-default\">\n\t\t\t\t\t<div class=\"elementor-column elementor-col-100 elementor-top-column elementor-element elementor-element-c795a81\" data-id=\"c795a81\" data-element_type=\"column\" data-settings=\"{&quot;background_background&quot;:&quot;classic&quot;}\">\n\t\t\t<div class=\"elementor-widget-wrap elementor-element-populated\">\n\t\t\t\t\t\t<div class=\"elementor-element elementor-element-73042fc elementor-widget__width-initial elementor-absolute elementor-widget elementor-widget-image\" data-id=\"73042fc\" data-element_type=\"widget\" data-settings=\"{&quot;_position&quot;:&quot;absolute&quot;}\" data-widget_type=\"image.default\">\n\t\t\t\t<div class=\"elementor-widget-container\">\n\t\t\t\t\t\t\t\t\t\t\t\t\t\t\t<img decoding=\"async\" width=\"200\" height=\"170\" src=\"https:\/\/farrasautentic.com\/wp-content\/uploads\/2022\/12\/farras_since_1890_banner.png\" class=\"attachment-full size-full wp-image-8227\" alt=\"\" \/>\t\t\t\t\t\t\t\t\t\t\t\t\t\t\t<\/div>\n\t\t\t\t<\/div>\n\t\t\t\t<div class=\"elementor-element elementor-element-e3a8f23 elementor-widget__width-initial elementor-widget elementor-widget-text-editor\" data-id=\"e3a8f23\" data-element_type=\"widget\" data-widget_type=\"text-editor.default\">\n\t\t\t\t<div class=\"elementor-widget-container\">\n\t\t\t\t\t\t\t\t\t<h3 style=\"line-height: 0px;\">Quienes Somos<\/h3>\t\t\t\t\t\t\t\t<\/div>\n\t\t\t\t<\/div>\n\t\t\t\t\t<\/div>\n\t\t<\/div>\n\t\t\t\t\t<\/div>\n\t\t<\/section>\n\t\t\t\t<section class=\"elementor-section elementor-top-section elementor-element elementor-element-4c174c3 elementor-section-full_width qodef-elementor-content-grid elementor-section-height-default elementor-section-height-default\" data-id=\"4c174c3\" data-element_type=\"section\">\n\t\t\t\t\t\t<div class=\"elementor-container elementor-column-gap-default\">\n\t\t\t\t\t<div class=\"elementor-column elementor-col-50 elementor-top-column elementor-element elementor-element-0509ceb\" data-id=\"0509ceb\" data-element_type=\"column\">\n\t\t\t<div class=\"elementor-widget-wrap elementor-element-populated\">\n\t\t\t\t\t\t<div class=\"elementor-element elementor-element-5b45db1 elementor-widget elementor-widget-text-editor\" data-id=\"5b45db1\" data-element_type=\"widget\" data-widget_type=\"text-editor.default\">\n\t\t\t\t<div class=\"elementor-widget-container\">\n\t\t\t\t\t\t\t\t\t<h2>Sobre Nosotros<\/h2>\t\t\t\t\t\t\t\t<\/div>\n\t\t\t\t<\/div>\n\t\t\t\t<div class=\"elementor-element elementor-element-834d5ba elementor-widget elementor-widget-text-editor\" data-id=\"834d5ba\" data-element_type=\"widget\" data-widget_type=\"text-editor.default\">\n\t\t\t\t<div class=\"elementor-widget-container\">\n\t\t\t\t\t\t\t\t\t<p style=\"font-family: 'Montserrat';\"><strong>Farr\u00e0s Autentic<\/strong>, es una <strong>empresa familiar<\/strong> de tama\u00f1o medio dedicada a la elaboraci\u00f3n tradicional de carne selecta de cordero, ubicada en el entorno privilegiado del pueblo de Sant Lloren\u00e7 d\u2019Hortons, a 30 minutos de <strong>Barcelona<\/strong> y en pleno coraz\u00f3n del Mediterr\u00e1neo.<\/p>\n<p style=\"font-family: 'Montserrat';\">Nuestro principal objetivo es producir y comercializar <strong>los productos m\u00e1s premium carne de cordero de calidad<\/strong>, con el objetivo de fidelizar a nuestros clientes y los mercados depositando su confianza en nosotros.<\/p>\t\t\t\t\t\t\t\t<\/div>\n\t\t\t\t<\/div>\n\t\t\t\t\t<\/div>\n\t\t<\/div>\n\t\t\t\t<div class=\"elementor-column elementor-col-50 elementor-top-column elementor-element elementor-element-7e2ffed\" data-id=\"7e2ffed\" data-element_type=\"column\">\n\t\t\t<div class=\"elementor-widget-wrap elementor-element-populated\">\n\t\t\t\t\t\t<div class=\"elementor-element elementor-element-749637f elementor-invisible elementor-widget elementor-widget-image\" data-id=\"749637f\" data-element_type=\"widget\" data-settings=\"{&quot;_animation&quot;:&quot;fadeInUp&quot;}\" data-widget_type=\"image.default\">\n\t\t\t\t<div class=\"elementor-widget-container\">\n\t\t\t\t\t\t\t\t\t\t\t\t\t\t\t<img fetchpriority=\"high\" decoding=\"async\" width=\"906\" height=\"1030\" src=\"https:\/\/farrasautentic.com\/wp-content\/uploads\/2022\/12\/farras_who_we_are_about_us.jpg\" class=\"attachment-full size-full wp-image-8303\" alt=\"\" srcset=\"https:\/\/farrasautentic.com\/wp-content\/uploads\/2022\/12\/farras_who_we_are_about_us.jpg 906w, https:\/\/farrasautentic.com\/wp-content\/uploads\/2022\/12\/farras_who_we_are_about_us-264x300.jpg 264w, https:\/\/farrasautentic.com\/wp-content\/uploads\/2022\/12\/farras_who_we_are_about_us-901x1024.jpg 901w, https:\/\/farrasautentic.com\/wp-content\/uploads\/2022\/12\/farras_who_we_are_about_us-768x873.jpg 768w\" sizes=\"(max-width: 906px) 100vw, 906px\" \/>\t\t\t\t\t\t\t\t\t\t\t\t\t\t\t<\/div>\n\t\t\t\t<\/div>\n\t\t\t\t\t<\/div>\n\t\t<\/div>\n\t\t\t\t\t<\/div>\n\t\t<\/section>\n\t\t\t\t<section class=\"elementor-section elementor-top-section elementor-element elementor-element-d426c79 elementor-section-full_width elementor-section-height-default elementor-section-height-default qodef-elementor-content-no\" data-id=\"d426c79\" data-element_type=\"section\" data-settings=\"{&quot;background_background&quot;:&quot;slideshow&quot;,&quot;background_slideshow_gallery&quot;:[{&quot;id&quot;:6003,&quot;url&quot;:&quot;https:\\\/\\\/farrasautentic.com\\\/wp-content\\\/uploads\\\/2022\\\/12\\\/ralles.png&quot;}],&quot;background_slideshow_loop&quot;:&quot;yes&quot;,&quot;background_slideshow_slide_duration&quot;:5000,&quot;background_slideshow_slide_transition&quot;:&quot;fade&quot;,&quot;background_slideshow_transition_duration&quot;:500}\">\n\t\t\t\t\t\t<div class=\"elementor-container elementor-column-gap-default\">\n\t\t\t\t\t<div class=\"elementor-column elementor-col-100 elementor-top-column elementor-element elementor-element-a555f0d\" data-id=\"a555f0d\" data-element_type=\"column\">\n\t\t\t<div class=\"elementor-widget-wrap\">\n\t\t\t\t\t\t\t<\/div>\n\t\t<\/div>\n\t\t\t\t\t<\/div>\n\t\t<\/section>\n\t\t\t\t<section class=\"elementor-section elementor-top-section elementor-element elementor-element-1d0e80e elementor-section-full_width elementor-section-height-default elementor-section-height-default qodef-elementor-content-no\" data-id=\"1d0e80e\" data-element_type=\"section\">\n\t\t\t\t\t\t<div class=\"elementor-container elementor-column-gap-default\">\n\t\t\t\t\t<div class=\"elementor-column elementor-col-100 elementor-top-column elementor-element elementor-element-4166695\" data-id=\"4166695\" data-element_type=\"column\">\n\t\t\t<div class=\"elementor-widget-wrap elementor-element-populated\">\n\t\t\t\t\t\t<div class=\"elementor-element elementor-element-4685be3 elementor-widget__width-initial elementor-widget elementor-widget-text-editor\" data-id=\"4685be3\" data-element_type=\"widget\" data-widget_type=\"text-editor.default\">\n\t\t\t\t<div class=\"elementor-widget-container\">\n\t\t\t\t\t\t\t\t\t<h3 style=\"color: #fff;\">Los corderos con los que trabajamos son s\u00f3lo de razas espa\u00f1olas, principalmente \u00abmanchega\u00bb y \u00abmerinos\u00bb, que traemos del campo y zonas m\u00e1s aisaldas de Espa\u00f1a, perfectas y m\u00e1s apropiadas para la ganader\u00eda extensiva.<\/h3>\t\t\t\t\t\t\t\t<\/div>\n\t\t\t\t<\/div>\n\t\t\t\t\t<\/div>\n\t\t<\/div>\n\t\t\t\t\t<\/div>\n\t\t<\/section>\n\t\t\t\t<section class=\"elementor-section elementor-top-section elementor-element elementor-element-09c167d elementor-section-full_width elementor-section-height-default elementor-section-height-default qodef-elementor-content-no\" data-id=\"09c167d\" data-element_type=\"section\" data-settings=\"{&quot;background_background&quot;:&quot;slideshow&quot;,&quot;background_slideshow_gallery&quot;:[{&quot;id&quot;:6003,&quot;url&quot;:&quot;https:\\\/\\\/farrasautentic.com\\\/wp-content\\\/uploads\\\/2022\\\/12\\\/ralles.png&quot;}],&quot;background_slideshow_loop&quot;:&quot;yes&quot;,&quot;background_slideshow_slide_duration&quot;:5000,&quot;background_slideshow_slide_transition&quot;:&quot;fade&quot;,&quot;background_slideshow_transition_duration&quot;:500}\">\n\t\t\t\t\t\t<div class=\"elementor-container elementor-column-gap-default\">\n\t\t\t\t\t<div class=\"elementor-column elementor-col-100 elementor-top-column elementor-element elementor-element-34cfb0c\" data-id=\"34cfb0c\" data-element_type=\"column\">\n\t\t\t<div class=\"elementor-widget-wrap\">\n\t\t\t\t\t\t\t<\/div>\n\t\t<\/div>\n\t\t\t\t\t<\/div>\n\t\t<\/section>\n\t\t\t\t<section class=\"elementor-section elementor-top-section elementor-element elementor-element-3885933 elementor-section-full_width qodef-elementor-content-grid elementor-section-height-default elementor-section-height-default\" data-id=\"3885933\" data-element_type=\"section\">\n\t\t\t\t\t\t<div class=\"elementor-container elementor-column-gap-default\">\n\t\t\t\t\t<div class=\"elementor-column elementor-col-50 elementor-top-column elementor-element elementor-element-a2c36dd\" data-id=\"a2c36dd\" data-element_type=\"column\">\n\t\t\t<div class=\"elementor-widget-wrap elementor-element-populated\">\n\t\t\t\t\t\t<div class=\"elementor-element elementor-element-cfb332c elementor-invisible elementor-widget elementor-widget-brok_core_image_gallery\" data-id=\"cfb332c\" data-element_type=\"widget\" data-settings=\"{&quot;_animation&quot;:&quot;fadeInUp&quot;}\" data-widget_type=\"brok_core_image_gallery.default\">\n\t\t\t\t<div class=\"elementor-widget-container\">\n\t\t\t\t\t<div class=\"qodef-shortcode qodef-m  qodef-image-gallery  qodef-grid qodef-swiper-container  qodef-gutter--no qodef-col-num--1  qodef-responsive--predefined\" data-options=\"{&quot;slidesPerView&quot;:&quot;1&quot;,&quot;spaceBetween&quot;:0,&quot;loop&quot;:true,&quot;autoplay&quot;:true,&quot;speed&quot;:&quot;&quot;,&quot;speedAnimation&quot;:&quot;&quot;,&quot;slideAnimation&quot;:&quot;fade&quot;}\">\n\t<div class=\"swiper-wrapper\">\n\t\t<div class=\"qodef-e qodef-image-wrapper swiper-slide \">\n\t\t\t<a itemprop=\"url\" href=\"https:\/\/farrasautentic.com\/wp-content\/uploads\/2022\/12\/farras_who_we_are_carrousel_01.jpg\" target=\"_blank\">\n\t\t\t<img decoding=\"async\" width=\"1341\" height=\"964\" src=\"https:\/\/farrasautentic.com\/wp-content\/uploads\/2022\/12\/farras_who_we_are_carrousel_01.jpg\" class=\"attachment-full size-full\" alt=\"\" srcset=\"https:\/\/farrasautentic.com\/wp-content\/uploads\/2022\/12\/farras_who_we_are_carrousel_01.jpg 1341w, https:\/\/farrasautentic.com\/wp-content\/uploads\/2022\/12\/farras_who_we_are_carrousel_01-300x216.jpg 300w, https:\/\/farrasautentic.com\/wp-content\/uploads\/2022\/12\/farras_who_we_are_carrousel_01-1024x736.jpg 1024w, https:\/\/farrasautentic.com\/wp-content\/uploads\/2022\/12\/farras_who_we_are_carrousel_01-768x552.jpg 768w\" sizes=\"(max-width: 1341px) 100vw, 1341px\" \/>\t\t\t<\/a>\n\t<\/div>\n<div class=\"qodef-e qodef-image-wrapper swiper-slide \">\n\t\t\t<a itemprop=\"url\" href=\"https:\/\/farrasautentic.com\/wp-content\/uploads\/2022\/12\/farras_who_we_are_carrousel_02.jpg\" target=\"_blank\">\n\t\t\t<img loading=\"lazy\" decoding=\"async\" width=\"1341\" height=\"964\" src=\"https:\/\/farrasautentic.com\/wp-content\/uploads\/2022\/12\/farras_who_we_are_carrousel_02.jpg\" class=\"attachment-full size-full\" alt=\"\" srcset=\"https:\/\/farrasautentic.com\/wp-content\/uploads\/2022\/12\/farras_who_we_are_carrousel_02.jpg 1341w, https:\/\/farrasautentic.com\/wp-content\/uploads\/2022\/12\/farras_who_we_are_carrousel_02-300x216.jpg 300w, https:\/\/farrasautentic.com\/wp-content\/uploads\/2022\/12\/farras_who_we_are_carrousel_02-1024x736.jpg 1024w, https:\/\/farrasautentic.com\/wp-content\/uploads\/2022\/12\/farras_who_we_are_carrousel_02-768x552.jpg 768w\" sizes=\"(max-width: 1341px) 100vw, 1341px\" \/>\t\t\t<\/a>\n\t<\/div>\n<div class=\"qodef-e qodef-image-wrapper swiper-slide \">\n\t\t\t<a itemprop=\"url\" href=\"https:\/\/farrasautentic.com\/wp-content\/uploads\/2022\/12\/farras_who_we_are_carrousel_03.jpg\" target=\"_blank\">\n\t\t\t<img loading=\"lazy\" decoding=\"async\" width=\"1341\" height=\"964\" src=\"https:\/\/farrasautentic.com\/wp-content\/uploads\/2022\/12\/farras_who_we_are_carrousel_03.jpg\" class=\"attachment-full size-full\" alt=\"\" srcset=\"https:\/\/farrasautentic.com\/wp-content\/uploads\/2022\/12\/farras_who_we_are_carrousel_03.jpg 1341w, https:\/\/farrasautentic.com\/wp-content\/uploads\/2022\/12\/farras_who_we_are_carrousel_03-300x216.jpg 300w, https:\/\/farrasautentic.com\/wp-content\/uploads\/2022\/12\/farras_who_we_are_carrousel_03-1024x736.jpg 1024w, https:\/\/farrasautentic.com\/wp-content\/uploads\/2022\/12\/farras_who_we_are_carrousel_03-768x552.jpg 768w\" sizes=\"(max-width: 1341px) 100vw, 1341px\" \/>\t\t\t<\/a>\n\t<\/div>\n<div class=\"qodef-e qodef-image-wrapper swiper-slide \">\n\t\t\t<a itemprop=\"url\" href=\"https:\/\/farrasautentic.com\/wp-content\/uploads\/2022\/12\/farras_who_we_are_carrousel_04.jpg\" target=\"_blank\">\n\t\t\t<img loading=\"lazy\" decoding=\"async\" width=\"1341\" height=\"964\" src=\"https:\/\/farrasautentic.com\/wp-content\/uploads\/2022\/12\/farras_who_we_are_carrousel_04.jpg\" class=\"attachment-full size-full\" alt=\"\" srcset=\"https:\/\/farrasautentic.com\/wp-content\/uploads\/2022\/12\/farras_who_we_are_carrousel_04.jpg 1341w, https:\/\/farrasautentic.com\/wp-content\/uploads\/2022\/12\/farras_who_we_are_carrousel_04-300x216.jpg 300w, https:\/\/farrasautentic.com\/wp-content\/uploads\/2022\/12\/farras_who_we_are_carrousel_04-1024x736.jpg 1024w, https:\/\/farrasautentic.com\/wp-content\/uploads\/2022\/12\/farras_who_we_are_carrousel_04-768x552.jpg 768w\" sizes=\"(max-width: 1341px) 100vw, 1341px\" \/>\t\t\t<\/a>\n\t<\/div>\n<div class=\"qodef-e qodef-image-wrapper swiper-slide \">\n\t\t\t<a itemprop=\"url\" href=\"https:\/\/farrasautentic.com\/wp-content\/uploads\/2022\/12\/farras_who_we_are_carrousel_05.jpg\" target=\"_blank\">\n\t\t\t<img loading=\"lazy\" decoding=\"async\" width=\"1341\" height=\"964\" src=\"https:\/\/farrasautentic.com\/wp-content\/uploads\/2022\/12\/farras_who_we_are_carrousel_05.jpg\" class=\"attachment-full size-full\" alt=\"\" srcset=\"https:\/\/farrasautentic.com\/wp-content\/uploads\/2022\/12\/farras_who_we_are_carrousel_05.jpg 1341w, https:\/\/farrasautentic.com\/wp-content\/uploads\/2022\/12\/farras_who_we_are_carrousel_05-300x216.jpg 300w, https:\/\/farrasautentic.com\/wp-content\/uploads\/2022\/12\/farras_who_we_are_carrousel_05-1024x736.jpg 1024w, https:\/\/farrasautentic.com\/wp-content\/uploads\/2022\/12\/farras_who_we_are_carrousel_05-768x552.jpg 768w\" sizes=\"(max-width: 1341px) 100vw, 1341px\" \/>\t\t\t<\/a>\n\t<\/div>\n<div class=\"qodef-e qodef-image-wrapper swiper-slide \">\n\t\t\t<a itemprop=\"url\" href=\"https:\/\/farrasautentic.com\/wp-content\/uploads\/2022\/12\/farras_who_we_are_carrousel_06.jpg\" target=\"_blank\">\n\t\t\t<img loading=\"lazy\" decoding=\"async\" width=\"1341\" height=\"964\" src=\"https:\/\/farrasautentic.com\/wp-content\/uploads\/2022\/12\/farras_who_we_are_carrousel_06.jpg\" class=\"attachment-full size-full\" alt=\"\" srcset=\"https:\/\/farrasautentic.com\/wp-content\/uploads\/2022\/12\/farras_who_we_are_carrousel_06.jpg 1341w, https:\/\/farrasautentic.com\/wp-content\/uploads\/2022\/12\/farras_who_we_are_carrousel_06-300x216.jpg 300w, https:\/\/farrasautentic.com\/wp-content\/uploads\/2022\/12\/farras_who_we_are_carrousel_06-1024x736.jpg 1024w, https:\/\/farrasautentic.com\/wp-content\/uploads\/2022\/12\/farras_who_we_are_carrousel_06-768x552.jpg 768w\" sizes=\"(max-width: 1341px) 100vw, 1341px\" \/>\t\t\t<\/a>\n\t<\/div>\n\t<\/div>\n\t\t<div class=\"swiper-button-prev \"><svg class=\"qodef-svg--slider-arrow-left\" xmlns=\"http:\/\/www.w3.org\/2000\/svg\" xmlns:xlink=\"http:\/\/www.w3.org\/1999\/xlink\" x=\"0px\" y=\"0px\" width=\"16.2px\"\n      height=\"9.6px\" viewBox=\"0 0 16.2 9.6\" style=\"enable-background:new 0 0 16.2 9.6;\" xml:space=\"preserve\"><g ><line stroke=\"currentColor\" stroke-width=\"2\" x1=\"1.1\" y1=\"4.8\" x2=\"16.2\" y2=\"4.8\"\/><polyline fill=\"none\" stroke=\"currentColor\" stroke-width=\"2\" points=\"5.3,8.9 1.3,4.8 5.3,0.6 \t\"\/><\/g><\/svg><\/div>\n\t<div class=\"swiper-button-next \"><svg class=\"qodef-svg--slider-arrow-right\" xmlns=\"http:\/\/www.w3.org\/2000\/svg\" xmlns:xlink=\"http:\/\/www.w3.org\/1999\/xlink\" x=\"0px\" y=\"0px\" width=\"16.2px\"\n     height=\"9.6px\" viewBox=\"0 0 16.2 9.6\" style=\"enable-background:new 0 0 16.2 9.6;\" xml:space=\"preserve\"><g><line stroke-width=\"2\" stroke=\"currentColor\" x1=\"15.2\" y1=\"4.8\" x2=\"0\" y2=\"4.8\"\/><polyline fill=\"none\" stroke=\"currentColor\" stroke-width=\"2\" points=\"10.9,0.6 15,4.8 10.9,8.9\"\/><\/g><\/svg><\/div>\n\t<\/div>\n\t\t\t\t<\/div>\n\t\t\t\t<\/div>\n\t\t\t\t\t<\/div>\n\t\t<\/div>\n\t\t\t\t<div class=\"elementor-column elementor-col-50 elementor-top-column elementor-element elementor-element-2946c85\" data-id=\"2946c85\" data-element_type=\"column\">\n\t\t\t<div class=\"elementor-widget-wrap elementor-element-populated\">\n\t\t\t\t\t\t<div class=\"elementor-element elementor-element-352925b elementor-widget elementor-widget-text-editor\" data-id=\"352925b\" data-element_type=\"widget\" data-widget_type=\"text-editor.default\">\n\t\t\t\t<div class=\"elementor-widget-container\">\n\t\t\t\t\t\t\t\t\t<h2>Tradici\u00f3n<\/h2>\t\t\t\t\t\t\t\t<\/div>\n\t\t\t\t<\/div>\n\t\t\t\t<div class=\"elementor-element elementor-element-e3633ec elementor-widget elementor-widget-text-editor\" data-id=\"e3633ec\" data-element_type=\"widget\" data-widget_type=\"text-editor.default\">\n\t\t\t\t<div class=\"elementor-widget-container\">\n\t\t\t\t\t\t\t\t\t<p style=\"font-family: 'Montserrat';\">Contamos con <strong>m\u00e1s de 100 a\u00f1os de experiencia<\/strong>, estando actualmente la cuarta generaci\u00f3n involucrada en el negocio, y nos gusta combinar los m\u00e9todos tradicionales con las \u00faltimas tecnolog\u00edas.<\/p>\t\t\t\t\t\t\t\t<\/div>\n\t\t\t\t<\/div>\n\t\t\t\t\t<\/div>\n\t\t<\/div>\n\t\t\t\t\t<\/div>\n\t\t<\/section>\n\t\t\t\t<section class=\"elementor-section elementor-top-section elementor-element elementor-element-b57261b elementor-section-full_width elementor-section-height-default elementor-section-height-default qodef-elementor-content-no\" data-id=\"b57261b\" data-element_type=\"section\">\n\t\t\t\t\t\t<div class=\"elementor-container elementor-column-gap-default\">\n\t\t\t\t\t<div class=\"elementor-column elementor-col-100 elementor-top-column elementor-element elementor-element-0f8281a\" data-id=\"0f8281a\" data-element_type=\"column\">\n\t\t\t<div class=\"elementor-widget-wrap elementor-element-populated\">\n\t\t\t\t\t\t<div class=\"elementor-element elementor-element-ca04715 elementor-widget elementor-widget-image\" data-id=\"ca04715\" data-element_type=\"widget\" data-widget_type=\"image.default\">\n\t\t\t\t<div class=\"elementor-widget-container\">\n\t\t\t\t\t\t\t\t\t\t\t\t\t\t\t<img loading=\"lazy\" decoding=\"async\" width=\"2400\" height=\"600\" src=\"https:\/\/farrasautentic.com\/wp-content\/uploads\/2022\/12\/farras_footer-who.jpg\" class=\"attachment-full size-full wp-image-8313\" alt=\"\" srcset=\"https:\/\/farrasautentic.com\/wp-content\/uploads\/2022\/12\/farras_footer-who.jpg 2400w, https:\/\/farrasautentic.com\/wp-content\/uploads\/2022\/12\/farras_footer-who-300x75.jpg 300w, https:\/\/farrasautentic.com\/wp-content\/uploads\/2022\/12\/farras_footer-who-1024x256.jpg 1024w, https:\/\/farrasautentic.com\/wp-content\/uploads\/2022\/12\/farras_footer-who-768x192.jpg 768w, https:\/\/farrasautentic.com\/wp-content\/uploads\/2022\/12\/farras_footer-who-1536x384.jpg 1536w, https:\/\/farrasautentic.com\/wp-content\/uploads\/2022\/12\/farras_footer-who-2048x512.jpg 2048w\" sizes=\"(max-width: 2400px) 100vw, 2400px\" \/>\t\t\t\t\t\t\t\t\t\t\t\t\t\t\t<\/div>\n\t\t\t\t<\/div>\n\t\t\t\t\t<\/div>\n\t\t<\/div>\n\t\t\t\t\t<\/div>\n\t\t<\/section>\n\t\t\t\t<\/div>\n\t\t","protected":false},"excerpt":{"rendered":"<p>Quienes Somos Sobre Nosotros Farr\u00e0s Autentic, es una empresa familiar de tama\u00f1o medio dedicada a la elaboraci\u00f3n tradicional de carne selecta de cordero, ubicada en el entorno privilegiado del pueblo de Sant Lloren\u00e7 d\u2019Hortons, a 30 minutos de Barcelona y en pleno coraz\u00f3n del Mediterr\u00e1neo. Nuestro principal objetivo es producir y comercializar los productos m\u00e1s [&hellip;]<\/p>\n","protected":false},"author":1,"featured_media":0,"parent":0,"menu_order":0,"comment_status":"closed","ping_status":"closed","template":"page-full-width.php","meta":{"footnotes":""},"class_list":["post-8317","page","type-page","status-publish","hentry"],"_links":{"self":[{"href":"https:\/\/farrasautentic.com\/es\/wp-json\/wp\/v2\/pages\/8317","targetHints":{"allow":["GET"]}}],"collection":[{"href":"https:\/\/farrasautentic.com\/es\/wp-json\/wp\/v2\/pages"}],"about":[{"href":"https:\/\/farrasautentic.com\/es\/wp-json\/wp\/v2\/types\/page"}],"author":[{"embeddable":true,"href":"https:\/\/farrasautentic.com\/es\/wp-json\/wp\/v2\/users\/1"}],"replies":[{"embeddable":true,"href":"https:\/\/farrasautentic.com\/es\/wp-json\/wp\/v2\/comments?post=8317"}],"version-history":[{"count":48,"href":"https:\/\/farrasautentic.com\/es\/wp-json\/wp\/v2\/pages\/8317\/revisions"}],"predecessor-version":[{"id":9718,"href":"https:\/\/farrasautentic.com\/es\/wp-json\/wp\/v2\/pages\/8317\/revisions\/9718"}],"wp:attachment":[{"href":"https:\/\/farrasautentic.com\/es\/wp-json\/wp\/v2\/media?parent=8317"}],"curies":[{"name":"wp","href":"https:\/\/api.w.org\/{rel}","templated":true}]}}