{"id":8327,"date":"2022-12-09T17:07:40","date_gmt":"2022-12-09T17:07:40","guid":{"rendered":"https:\/\/mimmic.net\/farrasautentic\/quality\/"},"modified":"2023-02-12T18:11:18","modified_gmt":"2023-02-12T18:11:18","slug":"calidad","status":"publish","type":"page","link":"https:\/\/farrasautentic.com\/es\/calidad\/","title":{"rendered":"Calidad"},"content":{"rendered":"\t\t<div data-elementor-type=\"wp-page\" data-elementor-id=\"8327\" class=\"elementor elementor-8327 elementor-6577\">\n\t\t\t\t\t\t<section class=\"elementor-section elementor-top-section elementor-element elementor-element-6bb959e elementor-section-full_width elementor-section-height-default elementor-section-height-default qodef-elementor-content-no\" data-id=\"6bb959e\" data-element_type=\"section\">\n\t\t\t\t\t\t<div class=\"elementor-container elementor-column-gap-default\">\n\t\t\t\t\t<div class=\"elementor-column elementor-col-100 elementor-top-column elementor-element elementor-element-048be04\" data-id=\"048be04\" data-element_type=\"column\" data-settings=\"{&quot;background_background&quot;:&quot;classic&quot;}\">\n\t\t\t<div class=\"elementor-widget-wrap elementor-element-populated\">\n\t\t\t\t\t\t<div class=\"elementor-element elementor-element-932b93f elementor-widget__width-initial elementor-absolute elementor-widget elementor-widget-image\" data-id=\"932b93f\" data-element_type=\"widget\" data-settings=\"{&quot;_position&quot;:&quot;absolute&quot;}\" data-widget_type=\"image.default\">\n\t\t\t\t<div class=\"elementor-widget-container\">\n\t\t\t\t\t\t\t\t\t\t\t\t\t\t\t<img decoding=\"async\" width=\"200\" height=\"170\" src=\"https:\/\/farrasautentic.com\/wp-content\/uploads\/2022\/12\/farras_since_1890_banner.png\" class=\"attachment-full size-full wp-image-8227\" alt=\"\" \/>\t\t\t\t\t\t\t\t\t\t\t\t\t\t\t<\/div>\n\t\t\t\t<\/div>\n\t\t\t\t<div class=\"elementor-element elementor-element-07e2672 elementor-widget__width-initial elementor-widget elementor-widget-text-editor\" data-id=\"07e2672\" data-element_type=\"widget\" data-widget_type=\"text-editor.default\">\n\t\t\t\t<div class=\"elementor-widget-container\">\n\t\t\t\t\t\t\t\t\t<h3 style=\"line-height: 0px;\">Calidad<\/h3>\t\t\t\t\t\t\t\t<\/div>\n\t\t\t\t<\/div>\n\t\t\t\t\t<\/div>\n\t\t<\/div>\n\t\t\t\t\t<\/div>\n\t\t<\/section>\n\t\t\t\t<section class=\"elementor-section elementor-top-section elementor-element elementor-element-4c174c3 elementor-section-full_width qodef-elementor-content-grid elementor-section-height-default elementor-section-height-default\" data-id=\"4c174c3\" data-element_type=\"section\">\n\t\t\t\t\t\t<div class=\"elementor-container elementor-column-gap-default\">\n\t\t\t\t\t<div class=\"elementor-column elementor-col-50 elementor-top-column elementor-element elementor-element-0509ceb\" data-id=\"0509ceb\" data-element_type=\"column\">\n\t\t\t<div class=\"elementor-widget-wrap elementor-element-populated\">\n\t\t\t\t\t\t<div class=\"elementor-element elementor-element-57a94f3 elementor-widget elementor-widget-brok_core_section_title\" data-id=\"57a94f3\" data-element_type=\"widget\" data-widget_type=\"brok_core_section_title.default\">\n\t\t\t\t<div class=\"elementor-widget-container\">\n\t\t\t\t\t<div class=\"qodef-shortcode qodef-m  qodef-section-title qodef-alignment--left \">\n\t\t<h2 class=\"qodef-m-title\" >\n\t\t\t\t\tCalidad<br \/> y Durabilidad\t\t\t<\/h2>\n\t<\/div>\n\t\t\t\t<\/div>\n\t\t\t\t<\/div>\n\t\t\t\t<div class=\"elementor-element elementor-element-834d5ba elementor-widget elementor-widget-text-editor\" data-id=\"834d5ba\" data-element_type=\"widget\" data-widget_type=\"text-editor.default\">\n\t\t\t\t<div class=\"elementor-widget-container\">\n\t\t\t\t\t\t\t\t\t<p style=\"font-family: 'Montserrat';\">Otro de los hechos claves que tambi\u00e9n explican <strong>nuestra calidad es la escasa distancia entre la granja y el matadero<\/strong> (s\u00f3lo 400 metros).<\/p>\n<p style=\"font-family: 'Montserrat';\">Los traslados de los animales al matadero <strong>desde la granja se hacen en peque\u00f1os lotes de 40 &#8211; 50 unidades cada vez<\/strong>, lo que significa que los animales no tienen tiempos de espera prolongados y <strong>no sufren estr\u00e9s<\/strong>, lo que tambi\u00e9n nos lleva a una captaci\u00f3n de glucosa no muscular, lo que afecta directamente la <strong>calidad<\/strong> de la carne y tambi\u00e9n la <strong>durabilidad<\/strong>.<\/p>\t\t\t\t\t\t\t\t<\/div>\n\t\t\t\t<\/div>\n\t\t\t\t\t<\/div>\n\t\t<\/div>\n\t\t\t\t<div class=\"elementor-column elementor-col-50 elementor-top-column elementor-element elementor-element-7e2ffed\" data-id=\"7e2ffed\" data-element_type=\"column\">\n\t\t\t<div class=\"elementor-widget-wrap elementor-element-populated\">\n\t\t\t\t\t\t<div class=\"elementor-element elementor-element-5f0ac8b elementor-invisible elementor-widget elementor-widget-image\" data-id=\"5f0ac8b\" data-element_type=\"widget\" data-settings=\"{&quot;_animation&quot;:&quot;fadeInUp&quot;}\" data-widget_type=\"image.default\">\n\t\t\t\t<div class=\"elementor-widget-container\">\n\t\t\t\t\t\t\t\t\t\t\t\t\t\t\t<img fetchpriority=\"high\" decoding=\"async\" width=\"1536\" height=\"1323\" src=\"https:\/\/farrasautentic.com\/wp-content\/uploads\/2022\/12\/farras_quality_img_01.jpg\" class=\"attachment-full size-full wp-image-8239\" alt=\"\" srcset=\"https:\/\/farrasautentic.com\/wp-content\/uploads\/2022\/12\/farras_quality_img_01.jpg 1536w, https:\/\/farrasautentic.com\/wp-content\/uploads\/2022\/12\/farras_quality_img_01-300x258.jpg 300w, https:\/\/farrasautentic.com\/wp-content\/uploads\/2022\/12\/farras_quality_img_01-1024x882.jpg 1024w, https:\/\/farrasautentic.com\/wp-content\/uploads\/2022\/12\/farras_quality_img_01-768x662.jpg 768w\" sizes=\"(max-width: 1536px) 100vw, 1536px\" \/>\t\t\t\t\t\t\t\t\t\t\t\t\t\t\t<\/div>\n\t\t\t\t<\/div>\n\t\t\t\t\t<\/div>\n\t\t<\/div>\n\t\t\t\t\t<\/div>\n\t\t<\/section>\n\t\t\t\t<section class=\"elementor-section elementor-top-section elementor-element elementor-element-26c9989 elementor-section-full_width elementor-section-height-default elementor-section-height-default qodef-elementor-content-no\" data-id=\"26c9989\" data-element_type=\"section\" data-settings=\"{&quot;background_background&quot;:&quot;slideshow&quot;,&quot;background_slideshow_gallery&quot;:[{&quot;id&quot;:6003,&quot;url&quot;:&quot;https:\\\/\\\/farrasautentic.com\\\/wp-content\\\/uploads\\\/2022\\\/12\\\/ralles.png&quot;}],&quot;background_slideshow_loop&quot;:&quot;yes&quot;,&quot;background_slideshow_slide_duration&quot;:5000,&quot;background_slideshow_slide_transition&quot;:&quot;fade&quot;,&quot;background_slideshow_transition_duration&quot;:500}\">\n\t\t\t\t\t\t<div class=\"elementor-container elementor-column-gap-default\">\n\t\t\t\t\t<div class=\"elementor-column elementor-col-100 elementor-top-column elementor-element elementor-element-e29ab2b\" data-id=\"e29ab2b\" data-element_type=\"column\">\n\t\t\t<div class=\"elementor-widget-wrap\">\n\t\t\t\t\t\t\t<\/div>\n\t\t<\/div>\n\t\t\t\t\t<\/div>\n\t\t<\/section>\n\t\t\t\t<section class=\"elementor-section elementor-top-section elementor-element elementor-element-49d8a5d elementor-section-full_width elementor-section-height-default elementor-section-height-default qodef-elementor-content-no\" data-id=\"49d8a5d\" data-element_type=\"section\">\n\t\t\t\t\t\t<div class=\"elementor-container elementor-column-gap-default\">\n\t\t\t\t\t<div class=\"elementor-column elementor-col-100 elementor-top-column elementor-element elementor-element-1dc19ed\" data-id=\"1dc19ed\" data-element_type=\"column\">\n\t\t\t<div class=\"elementor-widget-wrap elementor-element-populated\">\n\t\t\t\t\t\t<div class=\"elementor-element elementor-element-82741ba elementor-widget__width-initial elementor-widget elementor-widget-text-editor\" data-id=\"82741ba\" data-element_type=\"widget\" data-widget_type=\"text-editor.default\">\n\t\t\t\t<div class=\"elementor-widget-container\">\n\t\t\t\t\t\t\t\t\t<h3 style=\"color: #fff;\">Otro de los hechos claves que tambi\u00e9n explican nuestra calidad es la escasa distancia entre la granja y el matadero (s\u00f3lo 400metros).<\/h3>\t\t\t\t\t\t\t\t<\/div>\n\t\t\t\t<\/div>\n\t\t\t\t\t<\/div>\n\t\t<\/div>\n\t\t\t\t\t<\/div>\n\t\t<\/section>\n\t\t\t\t<section class=\"elementor-section elementor-top-section elementor-element elementor-element-329bb92 elementor-section-full_width elementor-section-height-default elementor-section-height-default qodef-elementor-content-no\" data-id=\"329bb92\" data-element_type=\"section\" data-settings=\"{&quot;background_background&quot;:&quot;slideshow&quot;,&quot;background_slideshow_gallery&quot;:[{&quot;id&quot;:6003,&quot;url&quot;:&quot;https:\\\/\\\/farrasautentic.com\\\/wp-content\\\/uploads\\\/2022\\\/12\\\/ralles.png&quot;}],&quot;background_slideshow_loop&quot;:&quot;yes&quot;,&quot;background_slideshow_slide_duration&quot;:5000,&quot;background_slideshow_slide_transition&quot;:&quot;fade&quot;,&quot;background_slideshow_transition_duration&quot;:500}\">\n\t\t\t\t\t\t<div class=\"elementor-container elementor-column-gap-default\">\n\t\t\t\t\t<div class=\"elementor-column elementor-col-100 elementor-top-column elementor-element elementor-element-e8eeb93\" data-id=\"e8eeb93\" data-element_type=\"column\">\n\t\t\t<div class=\"elementor-widget-wrap\">\n\t\t\t\t\t\t\t<\/div>\n\t\t<\/div>\n\t\t\t\t\t<\/div>\n\t\t<\/section>\n\t\t\t\t<section class=\"elementor-section elementor-top-section elementor-element elementor-element-3885933 elementor-section-full_width qodef-elementor-content-grid elementor-section-height-default elementor-section-height-default\" data-id=\"3885933\" data-element_type=\"section\">\n\t\t\t\t\t\t<div class=\"elementor-container elementor-column-gap-default\">\n\t\t\t\t\t<div class=\"elementor-column elementor-col-50 elementor-top-column elementor-element elementor-element-a2c36dd\" data-id=\"a2c36dd\" data-element_type=\"column\">\n\t\t\t<div class=\"elementor-widget-wrap elementor-element-populated\">\n\t\t\t\t\t\t<div class=\"elementor-element elementor-element-cfb332c elementor-invisible elementor-widget elementor-widget-brok_core_image_gallery\" data-id=\"cfb332c\" data-element_type=\"widget\" data-settings=\"{&quot;_animation&quot;:&quot;fadeInUp&quot;}\" data-widget_type=\"brok_core_image_gallery.default\">\n\t\t\t\t<div class=\"elementor-widget-container\">\n\t\t\t\t\t<div class=\"qodef-shortcode qodef-m  qodef-image-gallery  qodef-grid qodef-swiper-container  qodef-gutter--no qodef-col-num--1  qodef-responsive--predefined\" data-options=\"{&quot;slidesPerView&quot;:&quot;1&quot;,&quot;spaceBetween&quot;:0,&quot;loop&quot;:true,&quot;autoplay&quot;:true,&quot;speed&quot;:&quot;&quot;,&quot;speedAnimation&quot;:&quot;&quot;,&quot;slideAnimation&quot;:&quot;fade&quot;}\">\n\t<div class=\"swiper-wrapper\">\n\t\t<div class=\"qodef-e qodef-image-wrapper swiper-slide \">\n\t\t\t<img decoding=\"async\" width=\"1341\" height=\"964\" src=\"https:\/\/farrasautentic.com\/wp-content\/uploads\/2022\/12\/farras_quality_carrousel_01.jpg\" class=\"attachment-full size-full\" alt=\"\" srcset=\"https:\/\/farrasautentic.com\/wp-content\/uploads\/2022\/12\/farras_quality_carrousel_01.jpg 1341w, https:\/\/farrasautentic.com\/wp-content\/uploads\/2022\/12\/farras_quality_carrousel_01-300x216.jpg 300w, https:\/\/farrasautentic.com\/wp-content\/uploads\/2022\/12\/farras_quality_carrousel_01-1024x736.jpg 1024w, https:\/\/farrasautentic.com\/wp-content\/uploads\/2022\/12\/farras_quality_carrousel_01-768x552.jpg 768w\" sizes=\"(max-width: 1341px) 100vw, 1341px\" \/>\t<\/div>\n<div class=\"qodef-e qodef-image-wrapper swiper-slide \">\n\t\t\t<img loading=\"lazy\" decoding=\"async\" width=\"1341\" height=\"964\" src=\"https:\/\/farrasautentic.com\/wp-content\/uploads\/2022\/12\/farras_quality_carrousel_02.jpg\" class=\"attachment-full size-full\" alt=\"\" srcset=\"https:\/\/farrasautentic.com\/wp-content\/uploads\/2022\/12\/farras_quality_carrousel_02.jpg 1341w, https:\/\/farrasautentic.com\/wp-content\/uploads\/2022\/12\/farras_quality_carrousel_02-300x216.jpg 300w, https:\/\/farrasautentic.com\/wp-content\/uploads\/2022\/12\/farras_quality_carrousel_02-1024x736.jpg 1024w, https:\/\/farrasautentic.com\/wp-content\/uploads\/2022\/12\/farras_quality_carrousel_02-768x552.jpg 768w\" sizes=\"(max-width: 1341px) 100vw, 1341px\" \/>\t<\/div>\n<div class=\"qodef-e qodef-image-wrapper swiper-slide \">\n\t\t\t<img loading=\"lazy\" decoding=\"async\" width=\"1341\" height=\"964\" src=\"https:\/\/farrasautentic.com\/wp-content\/uploads\/2022\/12\/farras_quality_carrousel_03.jpg\" class=\"attachment-full size-full\" alt=\"\" srcset=\"https:\/\/farrasautentic.com\/wp-content\/uploads\/2022\/12\/farras_quality_carrousel_03.jpg 1341w, https:\/\/farrasautentic.com\/wp-content\/uploads\/2022\/12\/farras_quality_carrousel_03-300x216.jpg 300w, https:\/\/farrasautentic.com\/wp-content\/uploads\/2022\/12\/farras_quality_carrousel_03-1024x736.jpg 1024w, https:\/\/farrasautentic.com\/wp-content\/uploads\/2022\/12\/farras_quality_carrousel_03-768x552.jpg 768w\" sizes=\"(max-width: 1341px) 100vw, 1341px\" \/>\t<\/div>\n<div class=\"qodef-e qodef-image-wrapper swiper-slide \">\n\t\t\t<img loading=\"lazy\" decoding=\"async\" width=\"1341\" height=\"964\" src=\"https:\/\/farrasautentic.com\/wp-content\/uploads\/2022\/12\/farras_quality_carrousel_05.jpg\" class=\"attachment-full size-full\" alt=\"\" srcset=\"https:\/\/farrasautentic.com\/wp-content\/uploads\/2022\/12\/farras_quality_carrousel_05.jpg 1341w, https:\/\/farrasautentic.com\/wp-content\/uploads\/2022\/12\/farras_quality_carrousel_05-300x216.jpg 300w, https:\/\/farrasautentic.com\/wp-content\/uploads\/2022\/12\/farras_quality_carrousel_05-1024x736.jpg 1024w, https:\/\/farrasautentic.com\/wp-content\/uploads\/2022\/12\/farras_quality_carrousel_05-768x552.jpg 768w\" sizes=\"(max-width: 1341px) 100vw, 1341px\" \/>\t<\/div>\n<div class=\"qodef-e qodef-image-wrapper swiper-slide \">\n\t\t\t<img loading=\"lazy\" decoding=\"async\" width=\"1341\" height=\"964\" src=\"https:\/\/farrasautentic.com\/wp-content\/uploads\/2022\/12\/farras_quality_carrousel_04.jpg\" class=\"attachment-full size-full\" alt=\"\" srcset=\"https:\/\/farrasautentic.com\/wp-content\/uploads\/2022\/12\/farras_quality_carrousel_04.jpg 1341w, https:\/\/farrasautentic.com\/wp-content\/uploads\/2022\/12\/farras_quality_carrousel_04-300x216.jpg 300w, https:\/\/farrasautentic.com\/wp-content\/uploads\/2022\/12\/farras_quality_carrousel_04-1024x736.jpg 1024w, https:\/\/farrasautentic.com\/wp-content\/uploads\/2022\/12\/farras_quality_carrousel_04-768x552.jpg 768w\" sizes=\"(max-width: 1341px) 100vw, 1341px\" \/>\t<\/div>\n<div class=\"qodef-e qodef-image-wrapper swiper-slide \">\n\t\t\t<img loading=\"lazy\" decoding=\"async\" width=\"1341\" height=\"964\" src=\"https:\/\/farrasautentic.com\/wp-content\/uploads\/2022\/12\/farras_quality_carrousel_06.jpg\" class=\"attachment-full size-full\" alt=\"\" srcset=\"https:\/\/farrasautentic.com\/wp-content\/uploads\/2022\/12\/farras_quality_carrousel_06.jpg 1341w, https:\/\/farrasautentic.com\/wp-content\/uploads\/2022\/12\/farras_quality_carrousel_06-300x216.jpg 300w, https:\/\/farrasautentic.com\/wp-content\/uploads\/2022\/12\/farras_quality_carrousel_06-1024x736.jpg 1024w, https:\/\/farrasautentic.com\/wp-content\/uploads\/2022\/12\/farras_quality_carrousel_06-768x552.jpg 768w\" sizes=\"(max-width: 1341px) 100vw, 1341px\" \/>\t<\/div>\n<div class=\"qodef-e qodef-image-wrapper swiper-slide \">\n\t\t\t<img loading=\"lazy\" decoding=\"async\" width=\"1341\" height=\"964\" src=\"https:\/\/farrasautentic.com\/wp-content\/uploads\/2022\/12\/farras_quality_carrousel_07.jpg\" class=\"attachment-full size-full\" alt=\"\" srcset=\"https:\/\/farrasautentic.com\/wp-content\/uploads\/2022\/12\/farras_quality_carrousel_07.jpg 1341w, https:\/\/farrasautentic.com\/wp-content\/uploads\/2022\/12\/farras_quality_carrousel_07-300x216.jpg 300w, https:\/\/farrasautentic.com\/wp-content\/uploads\/2022\/12\/farras_quality_carrousel_07-1024x736.jpg 1024w, https:\/\/farrasautentic.com\/wp-content\/uploads\/2022\/12\/farras_quality_carrousel_07-768x552.jpg 768w\" sizes=\"(max-width: 1341px) 100vw, 1341px\" \/>\t<\/div>\n\t<\/div>\n\t\t<div class=\"swiper-button-prev \"><svg class=\"qodef-svg--slider-arrow-left\" xmlns=\"http:\/\/www.w3.org\/2000\/svg\" xmlns:xlink=\"http:\/\/www.w3.org\/1999\/xlink\" x=\"0px\" y=\"0px\" width=\"16.2px\"\n      height=\"9.6px\" viewBox=\"0 0 16.2 9.6\" style=\"enable-background:new 0 0 16.2 9.6;\" xml:space=\"preserve\"><g ><line stroke=\"currentColor\" stroke-width=\"2\" x1=\"1.1\" y1=\"4.8\" x2=\"16.2\" y2=\"4.8\"\/><polyline fill=\"none\" stroke=\"currentColor\" stroke-width=\"2\" points=\"5.3,8.9 1.3,4.8 5.3,0.6 \t\"\/><\/g><\/svg><\/div>\n\t<div class=\"swiper-button-next \"><svg class=\"qodef-svg--slider-arrow-right\" xmlns=\"http:\/\/www.w3.org\/2000\/svg\" xmlns:xlink=\"http:\/\/www.w3.org\/1999\/xlink\" x=\"0px\" y=\"0px\" width=\"16.2px\"\n     height=\"9.6px\" viewBox=\"0 0 16.2 9.6\" style=\"enable-background:new 0 0 16.2 9.6;\" xml:space=\"preserve\"><g><line stroke-width=\"2\" stroke=\"currentColor\" x1=\"15.2\" y1=\"4.8\" x2=\"0\" y2=\"4.8\"\/><polyline fill=\"none\" stroke=\"currentColor\" stroke-width=\"2\" points=\"10.9,0.6 15,4.8 10.9,8.9\"\/><\/g><\/svg><\/div>\n\t<\/div>\n\t\t\t\t<\/div>\n\t\t\t\t<\/div>\n\t\t\t\t\t<\/div>\n\t\t<\/div>\n\t\t\t\t<div class=\"elementor-column elementor-col-50 elementor-top-column elementor-element elementor-element-2946c85\" data-id=\"2946c85\" data-element_type=\"column\">\n\t\t\t<div class=\"elementor-widget-wrap elementor-element-populated\">\n\t\t\t\t\t\t<div class=\"elementor-element elementor-element-352925b elementor-widget elementor-widget-text-editor\" data-id=\"352925b\" data-element_type=\"widget\" data-widget_type=\"text-editor.default\">\n\t\t\t\t<div class=\"elementor-widget-container\">\n\t\t\t\t\t\t\t\t\t<h2>El mejor cordero<\/h2>\t\t\t\t\t\t\t\t<\/div>\n\t\t\t\t<\/div>\n\t\t\t\t<div class=\"elementor-element elementor-element-e3633ec elementor-widget elementor-widget-text-editor\" data-id=\"e3633ec\" data-element_type=\"widget\" data-widget_type=\"text-editor.default\">\n\t\t\t\t<div class=\"elementor-widget-container\">\n\t\t\t\t\t\t\t\t\t<p style=\"font-family: 'Montserrat';\">Inicialmente se quedan en las fincas de origen y durante <strong>el primer mes se alimentan s\u00f3lo de leche<\/strong>, y luego hasta los dos o dos meses y medio combinan la leche con la harina de cereal (en esta fase son mono g\u00e1stricos).<\/p>\n<p style=\"font-family: 'Montserrat';\">A partir de ese momento, se convierten en rumiantes y es cuando los llevamos a nuestra finca <strong>en Barcelona donde se alimentan de nuestra f\u00f3rmula espec\u00edfica a base de heno y cereales<\/strong> en grano hasta el sacrificio.<\/p>\t\t\t\t\t\t\t\t<\/div>\n\t\t\t\t<\/div>\n\t\t\t\t\t<\/div>\n\t\t<\/div>\n\t\t\t\t\t<\/div>\n\t\t<\/section>\n\t\t\t\t<section class=\"elementor-section elementor-top-section elementor-element elementor-element-b57261b elementor-section-full_width elementor-section-height-default elementor-section-height-default qodef-elementor-content-no\" data-id=\"b57261b\" data-element_type=\"section\">\n\t\t\t\t\t\t<div class=\"elementor-container elementor-column-gap-default\">\n\t\t\t\t\t<div class=\"elementor-column elementor-col-100 elementor-top-column elementor-element elementor-element-0f8281a\" data-id=\"0f8281a\" data-element_type=\"column\">\n\t\t\t<div class=\"elementor-widget-wrap elementor-element-populated\">\n\t\t\t\t\t\t<div class=\"elementor-element elementor-element-ca04715 elementor-widget elementor-widget-image\" data-id=\"ca04715\" data-element_type=\"widget\" data-widget_type=\"image.default\">\n\t\t\t\t<div class=\"elementor-widget-container\">\n\t\t\t\t\t\t\t\t\t\t\t\t\t\t\t<img loading=\"lazy\" decoding=\"async\" width=\"2400\" height=\"600\" src=\"https:\/\/farrasautentic.com\/wp-content\/uploads\/2022\/12\/farras_footer-quality.jpg\" class=\"attachment-full size-full wp-image-8311\" alt=\"\" srcset=\"https:\/\/farrasautentic.com\/wp-content\/uploads\/2022\/12\/farras_footer-quality.jpg 2400w, https:\/\/farrasautentic.com\/wp-content\/uploads\/2022\/12\/farras_footer-quality-300x75.jpg 300w, https:\/\/farrasautentic.com\/wp-content\/uploads\/2022\/12\/farras_footer-quality-1024x256.jpg 1024w, https:\/\/farrasautentic.com\/wp-content\/uploads\/2022\/12\/farras_footer-quality-768x192.jpg 768w, https:\/\/farrasautentic.com\/wp-content\/uploads\/2022\/12\/farras_footer-quality-1536x384.jpg 1536w, https:\/\/farrasautentic.com\/wp-content\/uploads\/2022\/12\/farras_footer-quality-2048x512.jpg 2048w\" sizes=\"(max-width: 2400px) 100vw, 2400px\" \/>\t\t\t\t\t\t\t\t\t\t\t\t\t\t\t<\/div>\n\t\t\t\t<\/div>\n\t\t\t\t\t<\/div>\n\t\t<\/div>\n\t\t\t\t\t<\/div>\n\t\t<\/section>\n\t\t\t\t<\/div>\n\t\t","protected":false},"excerpt":{"rendered":"<p>Calidad Calidad y Durabilidad Otro de los hechos claves que tambi\u00e9n explican nuestra calidad es la escasa distancia entre la granja y el matadero (s\u00f3lo 400 metros). Los traslados de los animales al matadero desde la granja se hacen en peque\u00f1os lotes de 40 &#8211; 50 unidades cada vez, lo que significa que los animales [&hellip;]<\/p>\n","protected":false},"author":1,"featured_media":0,"parent":0,"menu_order":0,"comment_status":"closed","ping_status":"closed","template":"page-full-width.php","meta":{"footnotes":""},"class_list":["post-8327","page","type-page","status-publish","hentry"],"_links":{"self":[{"href":"https:\/\/farrasautentic.com\/es\/wp-json\/wp\/v2\/pages\/8327","targetHints":{"allow":["GET"]}}],"collection":[{"href":"https:\/\/farrasautentic.com\/es\/wp-json\/wp\/v2\/pages"}],"about":[{"href":"https:\/\/farrasautentic.com\/es\/wp-json\/wp\/v2\/types\/page"}],"author":[{"embeddable":true,"href":"https:\/\/farrasautentic.com\/es\/wp-json\/wp\/v2\/users\/1"}],"replies":[{"embeddable":true,"href":"https:\/\/farrasautentic.com\/es\/wp-json\/wp\/v2\/comments?post=8327"}],"version-history":[{"count":26,"href":"https:\/\/farrasautentic.com\/es\/wp-json\/wp\/v2\/pages\/8327\/revisions"}],"predecessor-version":[{"id":9728,"href":"https:\/\/farrasautentic.com\/es\/wp-json\/wp\/v2\/pages\/8327\/revisions\/9728"}],"wp:attachment":[{"href":"https:\/\/farrasautentic.com\/es\/wp-json\/wp\/v2\/media?parent=8327"}],"curies":[{"name":"wp","href":"https:\/\/api.w.org\/{rel}","templated":true}]}}