{"id":9040,"date":"2023-02-04T18:02:37","date_gmt":"2023-02-04T18:02:37","guid":{"rendered":"https:\/\/mimmic.net\/farrasautentic\/international\/"},"modified":"2023-03-09T10:56:51","modified_gmt":"2023-03-09T10:56:51","slug":"internacional","status":"publish","type":"page","link":"https:\/\/farrasautentic.com\/es\/internacional\/","title":{"rendered":"Internacional"},"content":{"rendered":"\t\t<div data-elementor-type=\"wp-page\" data-elementor-id=\"9040\" class=\"elementor elementor-9040 elementor-8919\">\n\t\t\t\t\t\t<section class=\"elementor-section elementor-top-section elementor-element elementor-element-9c8e4cb elementor-section-full_width elementor-section-height-default elementor-section-height-default qodef-elementor-content-no\" data-id=\"9c8e4cb\" data-element_type=\"section\">\n\t\t\t\t\t\t<div class=\"elementor-container elementor-column-gap-default\">\n\t\t\t\t\t<div class=\"elementor-column elementor-col-100 elementor-top-column elementor-element elementor-element-128e37d\" data-id=\"128e37d\" data-element_type=\"column\" data-settings=\"{&quot;background_background&quot;:&quot;classic&quot;}\">\n\t\t\t<div class=\"elementor-widget-wrap elementor-element-populated\">\n\t\t\t\t\t\t<div class=\"elementor-element elementor-element-6d2723c elementor-widget__width-initial elementor-absolute elementor-widget elementor-widget-image\" data-id=\"6d2723c\" data-element_type=\"widget\" data-settings=\"{&quot;_position&quot;:&quot;absolute&quot;}\" data-widget_type=\"image.default\">\n\t\t\t\t<div class=\"elementor-widget-container\">\n\t\t\t\t\t\t\t\t\t\t\t\t\t\t\t<img decoding=\"async\" width=\"200\" height=\"170\" src=\"https:\/\/farrasautentic.com\/wp-content\/uploads\/2022\/12\/farras_since_1890_banner.png\" class=\"attachment-full size-full wp-image-8227\" alt=\"\" \/>\t\t\t\t\t\t\t\t\t\t\t\t\t\t\t<\/div>\n\t\t\t\t<\/div>\n\t\t\t\t<div class=\"elementor-element elementor-element-8f107fe elementor-widget elementor-widget-image\" data-id=\"8f107fe\" data-element_type=\"widget\" data-widget_type=\"image.default\">\n\t\t\t\t<div class=\"elementor-widget-container\">\n\t\t\t\t\t\t\t\t\t\t\t\t\t\t\t<img decoding=\"async\" src=\"https:\/\/farrasautentic.com\/wp-content\/uploads\/elementor\/thumbs\/logo_internacional-qbnxrdb3odz5fo54dh3n0w0e5lhcea9kpotmriddzc.png\" title=\"logo_internacional\" alt=\"logo_internacional\" loading=\"lazy\" \/>\t\t\t\t\t\t\t\t\t\t\t\t\t\t\t<\/div>\n\t\t\t\t<\/div>\n\t\t\t\t<div class=\"elementor-element elementor-element-b3ed2ea elementor-widget__width-initial elementor-widget elementor-widget-text-editor\" data-id=\"b3ed2ea\" data-element_type=\"widget\" data-widget_type=\"text-editor.default\">\n\t\t\t\t<div class=\"elementor-widget-container\">\n\t\t\t\t\t\t\t\t\t<h3 style=\"line-height: 36px; color: #fff;\">De Barcelona<br>\nal Mundo<\/h3>\t\t\t\t\t\t\t\t<\/div>\n\t\t\t\t<\/div>\n\t\t\t\t<div class=\"elementor-element elementor-element-8a25396 elementor-widget__width-initial elementor-widget elementor-widget-text-editor\" data-id=\"8a25396\" data-element_type=\"widget\" data-widget_type=\"text-editor.default\">\n\t\t\t\t<div class=\"elementor-widget-container\">\n\t\t\t\t\t\t\t\t\t<h3 style=\"line-height: 0px;\">internacional<\/h3>\t\t\t\t\t\t\t\t<\/div>\n\t\t\t\t<\/div>\n\t\t\t\t\t<\/div>\n\t\t<\/div>\n\t\t\t\t\t<\/div>\n\t\t<\/section>\n\t\t\t\t<section class=\"elementor-section elementor-top-section elementor-element elementor-element-b0881c0 elementor-section-full_width elementor-section-height-default elementor-section-height-default qodef-elementor-content-no\" data-id=\"b0881c0\" data-element_type=\"section\">\n\t\t\t\t\t\t<div class=\"elementor-container elementor-column-gap-default\">\n\t\t\t\t\t<div class=\"elementor-column elementor-col-100 elementor-top-column elementor-element elementor-element-0ecee69\" data-id=\"0ecee69\" data-element_type=\"column\" data-settings=\"{&quot;background_background&quot;:&quot;classic&quot;}\">\n\t\t\t<div class=\"elementor-widget-wrap elementor-element-populated\">\n\t\t\t\t\t\t<div class=\"elementor-element elementor-element-72c26a5 elementor-widget__width-initial elementor-widget elementor-widget-text-editor\" data-id=\"72c26a5\" data-element_type=\"widget\" data-widget_type=\"text-editor.default\">\n\t\t\t\t<div class=\"elementor-widget-container\">\n\t\t\t\t\t\t\t\t\t<h3 style=\"line-height: 36px; color: #fff;\">Exportamos a<br>\ntodos estos pa\u00edses<\/h3>\n<h4 style=\"color: #fff; line-height: 12px;\">ESPA\u00d1A<\/h4>\n<h4 style=\"color: #fff; line-height: 12px;\">FRANCIA<\/h4>\n<h4 style=\"color: #fff; line-height: 12px;\">ITALIA<\/h4>\n<h4 style=\"color: #fff; line-height: 12px;\">ALEMANIA<\/h4>\n<h4 style=\"color: #fff; line-height: 12px;\">ISRAEL<\/h4>\n<h4 style=\"color: #fff; line-height: 12px;\">PALESTINA<\/h4>\n<h4 style=\"color: #fff; line-height: 12px;\">KUWAIT<\/h4>\n<h4 style=\"color: #fff; line-height: 12px;\">ARABIA SAUD\u00cd<\/h4>\n<h4 style=\"color: #fff; line-height: 12px;\">EMIRATOS \u00c1RABES UNIDOS<\/h4>\n<h4 style=\"color: #fff; line-height: 12px;\">JAP\u00d3N<\/h4>\t\t\t\t\t\t\t\t<\/div>\n\t\t\t\t<\/div>\n\t\t\t\t\t<\/div>\n\t\t<\/div>\n\t\t\t\t\t<\/div>\n\t\t<\/section>\n\t\t\t\t<section class=\"elementor-section elementor-top-section elementor-element elementor-element-e5804c5 elementor-section-full_width elementor-section-height-default elementor-section-height-default qodef-elementor-content-no\" data-id=\"e5804c5\" data-element_type=\"section\">\n\t\t\t\t\t\t<div class=\"elementor-container elementor-column-gap-default\">\n\t\t\t\t\t<div class=\"elementor-column elementor-col-100 elementor-top-column elementor-element elementor-element-482fff6\" data-id=\"482fff6\" data-element_type=\"column\">\n\t\t\t<div class=\"elementor-widget-wrap elementor-element-populated\">\n\t\t\t\t\t\t<div class=\"elementor-element elementor-element-69e412c elementor-widget elementor-widget-image\" data-id=\"69e412c\" data-element_type=\"widget\" data-widget_type=\"image.default\">\n\t\t\t\t<div class=\"elementor-widget-container\">\n\t\t\t\t\t\t\t\t\t\t\t\t\t\t\t<img fetchpriority=\"high\" decoding=\"async\" width=\"2400\" height=\"1394\" src=\"https:\/\/farrasautentic.com\/wp-content\/uploads\/2023\/02\/img_INTERNATIONAL_02.jpg\" class=\"attachment-full size-full wp-image-8952\" alt=\"\" srcset=\"https:\/\/farrasautentic.com\/wp-content\/uploads\/2023\/02\/img_INTERNATIONAL_02.jpg 2400w, https:\/\/farrasautentic.com\/wp-content\/uploads\/2023\/02\/img_INTERNATIONAL_02-300x174.jpg 300w, https:\/\/farrasautentic.com\/wp-content\/uploads\/2023\/02\/img_INTERNATIONAL_02-1024x595.jpg 1024w, https:\/\/farrasautentic.com\/wp-content\/uploads\/2023\/02\/img_INTERNATIONAL_02-768x446.jpg 768w, https:\/\/farrasautentic.com\/wp-content\/uploads\/2023\/02\/img_INTERNATIONAL_02-1536x892.jpg 1536w, https:\/\/farrasautentic.com\/wp-content\/uploads\/2023\/02\/img_INTERNATIONAL_02-2048x1190.jpg 2048w\" sizes=\"(max-width: 2400px) 100vw, 2400px\" \/>\t\t\t\t\t\t\t\t\t\t\t\t\t\t\t<\/div>\n\t\t\t\t<\/div>\n\t\t\t\t\t<\/div>\n\t\t<\/div>\n\t\t\t\t\t<\/div>\n\t\t<\/section>\n\t\t\t\t<section class=\"elementor-section elementor-top-section elementor-element elementor-element-97ca3b1 elementor-section-full_width qodef-elementor-content-grid elementor-section-height-default elementor-section-height-default\" data-id=\"97ca3b1\" data-element_type=\"section\">\n\t\t\t\t\t\t<div class=\"elementor-container elementor-column-gap-default\">\n\t\t\t\t\t<div class=\"elementor-column elementor-col-50 elementor-top-column elementor-element elementor-element-647fed2\" data-id=\"647fed2\" data-element_type=\"column\">\n\t\t\t<div class=\"elementor-widget-wrap elementor-element-populated\">\n\t\t\t\t\t\t<div class=\"elementor-element elementor-element-17a44dc elementor-widget elementor-widget-text-editor\" data-id=\"17a44dc\" data-element_type=\"widget\" data-widget_type=\"text-editor.default\">\n\t\t\t\t<div class=\"elementor-widget-container\">\n\t\t\t\t\t\t\t\t\t<h2>Internacional<\/h2>\t\t\t\t\t\t\t\t<\/div>\n\t\t\t\t<\/div>\n\t\t\t\t<div class=\"elementor-element elementor-element-dfcce35 elementor-widget elementor-widget-text-editor\" data-id=\"dfcce35\" data-element_type=\"widget\" data-widget_type=\"text-editor.default\">\n\t\t\t\t<div class=\"elementor-widget-container\">\n\t\t\t\t\t\t\t\t\t<p style=\"font-family: 'Montserrat';\">Gracias a nuestras certificaciones de calidad y cultura por alcanzar los m\u00e1s altos est\u00e1ndares en nuestros procesos, podemos exportar nuestros productos alrededor del mundo.<\/p>\t\t\t\t\t\t\t\t<\/div>\n\t\t\t\t<\/div>\n\t\t\t\t\t<\/div>\n\t\t<\/div>\n\t\t\t\t<div class=\"elementor-column elementor-col-50 elementor-top-column elementor-element elementor-element-f3d72a7\" data-id=\"f3d72a7\" data-element_type=\"column\">\n\t\t\t<div class=\"elementor-widget-wrap elementor-element-populated\">\n\t\t\t\t\t\t<div class=\"elementor-element elementor-element-5e0bfec elementor-widget elementor-widget-image\" data-id=\"5e0bfec\" data-element_type=\"widget\" data-widget_type=\"image.default\">\n\t\t\t\t<div class=\"elementor-widget-container\">\n\t\t\t\t\t\t\t\t\t\t\t\t\t\t\t<img decoding=\"async\" width=\"1024\" height=\"947\" src=\"https:\/\/farrasautentic.com\/wp-content\/uploads\/2023\/02\/img_INTERNATIONAL_03-1024x947.jpg\" class=\"attachment-large size-large wp-image-8959\" alt=\"\" srcset=\"https:\/\/farrasautentic.com\/wp-content\/uploads\/2023\/02\/img_INTERNATIONAL_03-1024x947.jpg 1024w, https:\/\/farrasautentic.com\/wp-content\/uploads\/2023\/02\/img_INTERNATIONAL_03-300x278.jpg 300w, https:\/\/farrasautentic.com\/wp-content\/uploads\/2023\/02\/img_INTERNATIONAL_03-768x710.jpg 768w, https:\/\/farrasautentic.com\/wp-content\/uploads\/2023\/02\/img_INTERNATIONAL_03-1536x1421.jpg 1536w, https:\/\/farrasautentic.com\/wp-content\/uploads\/2023\/02\/img_INTERNATIONAL_03.jpg 1800w\" sizes=\"(max-width: 1024px) 100vw, 1024px\" \/>\t\t\t\t\t\t\t\t\t\t\t\t\t\t\t<\/div>\n\t\t\t\t<\/div>\n\t\t\t\t\t<\/div>\n\t\t<\/div>\n\t\t\t\t\t<\/div>\n\t\t<\/section>\n\t\t\t\t<section class=\"elementor-section elementor-top-section elementor-element elementor-element-8bfbe58 elementor-section-full_width elementor-section-height-default elementor-section-height-default qodef-elementor-content-no\" data-id=\"8bfbe58\" data-element_type=\"section\">\n\t\t\t\t\t\t<div class=\"elementor-container elementor-column-gap-default\">\n\t\t\t\t\t<div class=\"elementor-column elementor-col-100 elementor-top-column elementor-element elementor-element-203696d\" data-id=\"203696d\" data-element_type=\"column\">\n\t\t\t<div class=\"elementor-widget-wrap elementor-element-populated\">\n\t\t\t\t\t\t<div class=\"elementor-element elementor-element-5b81b1e elementor-widget elementor-widget-image\" data-id=\"5b81b1e\" data-element_type=\"widget\" data-widget_type=\"image.default\">\n\t\t\t\t<div class=\"elementor-widget-container\">\n\t\t\t\t\t\t\t\t\t\t\t\t\t\t\t<img loading=\"lazy\" decoding=\"async\" width=\"2400\" height=\"600\" src=\"https:\/\/farrasautentic.com\/wp-content\/uploads\/2022\/12\/farras_footer-who.jpg\" class=\"attachment-full size-full wp-image-8313\" alt=\"\" srcset=\"https:\/\/farrasautentic.com\/wp-content\/uploads\/2022\/12\/farras_footer-who.jpg 2400w, https:\/\/farrasautentic.com\/wp-content\/uploads\/2022\/12\/farras_footer-who-300x75.jpg 300w, https:\/\/farrasautentic.com\/wp-content\/uploads\/2022\/12\/farras_footer-who-1024x256.jpg 1024w, https:\/\/farrasautentic.com\/wp-content\/uploads\/2022\/12\/farras_footer-who-768x192.jpg 768w, https:\/\/farrasautentic.com\/wp-content\/uploads\/2022\/12\/farras_footer-who-1536x384.jpg 1536w, https:\/\/farrasautentic.com\/wp-content\/uploads\/2022\/12\/farras_footer-who-2048x512.jpg 2048w\" sizes=\"(max-width: 2400px) 100vw, 2400px\" \/>\t\t\t\t\t\t\t\t\t\t\t\t\t\t\t<\/div>\n\t\t\t\t<\/div>\n\t\t\t\t\t<\/div>\n\t\t<\/div>\n\t\t\t\t\t<\/div>\n\t\t<\/section>\n\t\t\t\t<\/div>\n\t\t","protected":false},"excerpt":{"rendered":"<p>De Barcelona al Mundo internacional Exportamos a todos estos pa\u00edses ESPA\u00d1A FRANCIA ITALIA ALEMANIA ISRAEL PALESTINA KUWAIT ARABIA SAUD\u00cd EMIRATOS \u00c1RABES UNIDOS JAP\u00d3N Internacional Gracias a nuestras certificaciones de calidad y cultura por alcanzar los m\u00e1s altos est\u00e1ndares en nuestros procesos, podemos exportar nuestros productos alrededor del mundo.<\/p>\n","protected":false},"author":1,"featured_media":0,"parent":0,"menu_order":0,"comment_status":"closed","ping_status":"closed","template":"page-full-width.php","meta":{"footnotes":""},"class_list":["post-9040","page","type-page","status-publish","hentry"],"_links":{"self":[{"href":"https:\/\/farrasautentic.com\/es\/wp-json\/wp\/v2\/pages\/9040","targetHints":{"allow":["GET"]}}],"collection":[{"href":"https:\/\/farrasautentic.com\/es\/wp-json\/wp\/v2\/pages"}],"about":[{"href":"https:\/\/farrasautentic.com\/es\/wp-json\/wp\/v2\/types\/page"}],"author":[{"embeddable":true,"href":"https:\/\/farrasautentic.com\/es\/wp-json\/wp\/v2\/users\/1"}],"replies":[{"embeddable":true,"href":"https:\/\/farrasautentic.com\/es\/wp-json\/wp\/v2\/comments?post=9040"}],"version-history":[{"count":49,"href":"https:\/\/farrasautentic.com\/es\/wp-json\/wp\/v2\/pages\/9040\/revisions"}],"predecessor-version":[{"id":9817,"href":"https:\/\/farrasautentic.com\/es\/wp-json\/wp\/v2\/pages\/9040\/revisions\/9817"}],"wp:attachment":[{"href":"https:\/\/farrasautentic.com\/es\/wp-json\/wp\/v2\/media?parent=9040"}],"curies":[{"name":"wp","href":"https:\/\/api.w.org\/{rel}","templated":true}]}}